{"id":832,"date":"2021-01-30T07:34:20","date_gmt":"2021-01-30T06:34:20","guid":{"rendered":"http:\/\/srhgx.be\/wordpress\/?page_id=832"},"modified":"2025-09-27T11:42:55","modified_gmt":"2025-09-27T09:42:55","slug":"cours-et-conferences","status":"publish","type":"page","link":"http:\/\/srhgx.be\/wordpress\/cours-et-conferences\/","title":{"rendered":"Cours et conf\u00e9rences"},"content":{"rendered":"\n<h4 class=\"wp-block-heading\">Cours<\/h4>\n\n\n\n<p>Les cours se donnent le DIMANCHE, de 9 h 30 \u00e0 11 h 30, dans les locaux que le Centre Technique Horticole de Gembloux met gracieusement \u00e0 notre disposition.<br>Les cours sont accessibles \u00e0 tous : gratuit pour les membres, 5 \u20ac pour les non-membres (r\u00e8glement sur place).<br><br>Pour des renseignements compl\u00e9mentaires, t\u00e9l\u00e9phonez au 081\/567 106<\/p>\n\n\n\n<iframe src=\"https:\/\/www.google.com\/maps\/embed?pb=!1m18!1m12!1m3!1d2534.9213674483617!2d4.672725651886794!3d50.55423227938919!2m3!1f0!2f0!3f0!3m2!1i1024!2i768!4f13.1!3m3!1m2!1s0x47c1823072e9f265%3A0x714d461cc6e6137f!2sCentre%20technique%20horticole%20Gembloux!5e0!3m2!1sfr!2sbe!4v1611996802272!5m2!1sfr!2sbe\" width=\"100%\" height=\"450\" frameborder=\"0\" style=\"border:0;\" allowfullscreen=\"\" aria-hidden=\"false\" tabindex=\"0\"><\/iframe>\n\n\n<p>[tribe_events_list category=\u00a0\u00bbcours\u00a0\u00bb]<\/p>\n\n\n\n<h4 class=\"wp-block-heading\">Conf\u00e9rences<\/h4>\n\n\n\n<p>Les conf\u00e9rences se donnent le SAMEDI, de 15 \u00e0 17 h, dans l\u2019auditoire de P\u00e9dologie de Gembloux Agro-Bio Tech.<br>Ces conf\u00e9rences sont gratuites et accessibles \u00e0 tous. Les membres munis de leur carte participent \u00e0 une tombola gratuite.<\/p>\n\n\n\n<iframe src=\"https:\/\/www.google.com\/maps\/embed?pb=!1m18!1m12!1m3!1d2534.515005773056!2d4.700031121506701!3d50.56178866482728!2m3!1f0!2f0!3f0!3m2!1i1024!2i768!4f13.1!3m3!1m2!1s0x0%3A0x0!2zNTDCsDMzJzQ1LjQiTiA0wrA0MicwOC41IkU!5e0!3m2!1sfr!2sbe!4v1611996443864!5m2!1sfr!2sbe\" width=\"100%\" height=\"450\" frameborder=\"0\" style=\"border:0;\" allowfullscreen=\"\" aria-hidden=\"false\" tabindex=\"0\"><\/iframe>\n\n\n<p>[tribe_events_list category=\u00a0\u00bbconf\u00e9rence\u00a0\u00bb]<\/p>\n<div style=\"display:flex; gap:10px;justify-content:center\" class=\"wps-pgfw-pdf-generate-icon__wrapper-frontend\">\n\t\t<a  href=\"http:\/\/srhgx.be\/wordpress\/wp-json\/wp\/v2\/pages\/832?action=genpdf&amp;id=832\" class=\"pgfw-single-pdf-download-button\" ><img src=\"http:\/\/srhgx.be\/wordpress\/wp-content\/plugins\/pdf-generator-for-wp\/admin\/src\/images\/PDF_Tray.svg\" title=\"G\u00e9n\u00e9rer un PDF\" style=\"width:auto; height:45px;\"><\/a>\n\t\t<\/div>","protected":false},"excerpt":{"rendered":"<p>Cours Les cours se donnent le DIMANCHE, de 9 h 30 \u00e0 11 h 30, dans les locaux que le Centre Technique Horticole de Gembloux met gracieusement \u00e0 notre disposition.Les&hellip;&nbsp;<a href=\"http:\/\/srhgx.be\/wordpress\/cours-et-conferences\/\" rel=\"bookmark\">Lire la suite &raquo;<span class=\"screen-reader-text\">Cours et conf\u00e9rences<\/span><\/a><\/p>\n","protected":false},"author":1,"featured_media":0,"parent":0,"menu_order":0,"comment_status":"closed","ping_status":"closed","template":"","meta":{"neve_meta_sidebar":"default","neve_meta_container":"contained","neve_meta_enable_content_width":"on","neve_meta_content_width":70,"neve_meta_title_alignment":"","neve_meta_author_avatar":"","neve_post_elements_order":"","neve_meta_disable_header":"","neve_meta_disable_footer":"","neve_meta_disable_title":"","footnotes":""},"ppma_author":[445],"class_list":["post-832","page","type-page","status-publish","hentry"],"publishpress_future_action":{"enabled":false,"date":"2026-04-22 09:02:12","action":"change-status","newStatus":"draft","terms":[],"taxonomy":"author","extraData":[]},"publishpress_future_workflow_manual_trigger":{"enabledWorkflows":[]},"_links":{"self":[{"href":"http:\/\/srhgx.be\/wordpress\/wp-json\/wp\/v2\/pages\/832","targetHints":{"allow":["GET"]}}],"collection":[{"href":"http:\/\/srhgx.be\/wordpress\/wp-json\/wp\/v2\/pages"}],"about":[{"href":"http:\/\/srhgx.be\/wordpress\/wp-json\/wp\/v2\/types\/page"}],"author":[{"embeddable":true,"href":"http:\/\/srhgx.be\/wordpress\/wp-json\/wp\/v2\/users\/1"}],"replies":[{"embeddable":true,"href":"http:\/\/srhgx.be\/wordpress\/wp-json\/wp\/v2\/comments?post=832"}],"version-history":[{"count":13,"href":"http:\/\/srhgx.be\/wordpress\/wp-json\/wp\/v2\/pages\/832\/revisions"}],"predecessor-version":[{"id":13104,"href":"http:\/\/srhgx.be\/wordpress\/wp-json\/wp\/v2\/pages\/832\/revisions\/13104"}],"wp:attachment":[{"href":"http:\/\/srhgx.be\/wordpress\/wp-json\/wp\/v2\/media?parent=832"}],"wp:term":[{"taxonomy":"author","embeddable":true,"href":"http:\/\/srhgx.be\/wordpress\/wp-json\/wp\/v2\/ppma_author?post=832"}],"curies":[{"name":"wp","href":"https:\/\/api.w.org\/{rel}","templated":true}]}}