{"id":746,"date":"2021-01-29T15:55:16","date_gmt":"2021-01-29T14:55:16","guid":{"rendered":"http:\/\/srhgx.be\/wordpress\/?page_id=746"},"modified":"2021-01-31T08:33:54","modified_gmt":"2021-01-31T07:33:54","slug":"nos-sponsors","status":"publish","type":"page","link":"http:\/\/srhgx.be\/wordpress\/nos-sponsors\/","title":{"rendered":"Nos sponsors"},"content":{"rendered":"\n<h2 class=\"wp-block-heading\"><strong>Les SPONSORS qui nous soutiennent et nous aident financi\u00e8rement<\/strong><\/h2>\n\n\n\n<p><strong>Ets HENRION<\/strong><br>Fournisseur SRHGx (semences, pdt, terreau,&#8230;)<br><a href=\"mailto:henrion@proximedia.be\">henrion@proximedia.be<\/a><br>085\/21.10.46<\/p>\n\n\n\n<p><strong>LA POMMERAIE<\/strong><br>Producteur de pommes et de poires nous offre les fruits pour nos conf\u00e9rences.<br><a href=\"mailto:info@lapommeraie.be\">info@lapommeraie.be<\/a><br>081\/61.08.71<\/p>\n\n\n\n<p><strong>Banque Assurances Werner VANDENBERGHE<\/strong><br>081\/61.12.12<\/p>\n\n\n\n<p><strong>Coutellerie DEPIREUX L\u00e9on<\/strong><br>081\/61.34.73<\/p>\n\n\n\n<p><strong>Jardin-Loisir<\/strong><br>081\/61.12.06<\/p>\n\n\n\n<p><strong>P\u00e9pini\u00e8re PAQUET et Fils<\/strong><br>081\/56.66.79<\/p>\n\n\n\n<p><strong>Les SERRES de SAUVENIERE<\/strong><br>081\/60.03.26<\/p>\n\n\n\n<p>**********<\/p>\n\n\n\n<h2 class=\"wp-block-heading\"><strong>Les SPONSORS qui, en plus, offrent des r\u00e9ductions \u00e0 tous nos membres<\/strong>,&nbsp;<strong><em>en ordre de cotisation et sur pr\u00e9sentation de leur carte de membre<\/em><\/strong><\/h2>\n\n\n\n<p>&#8211;&nbsp;<strong>La Jardinerie JARDIN-LOISIRS<\/strong>&nbsp;offre 5 %&nbsp;<br>081\/61.12.06<\/p>\n\n\n\n<p><strong>&#8211; Horticulteur &amp; P\u00e9pini\u00e9riste&nbsp;<\/strong><br>BENO\u00ceT PAQUET&nbsp;offre 10 %<br><a href=\"mailto:benoitpaquet@hotmail.com\">benoitpaquet@hotmail.com<\/a><br>081\/56.66.70<\/p>\n\n\n\n<p><strong>&#8211; Coutellerie DEPIREUX L\u00e9on&nbsp;<\/strong><br>offre 5 % sur les extracteurs<br><a href=\"mailto:info@depireux.be\">info@depireux.be<\/a><br>081\/61.34.73<\/p>\n\n\n\n<p><strong>Pascal JEANJEAN<\/strong>, artisan-papetier et \u00e9diteur&nbsp;<strong><em>cr\u00e9e votre papier avec des p\u00e9tales de fleurs<\/em><\/strong>&nbsp;pour vos faire-parts de mariage, de naissance ou toute autre occasion, ainsi que du papier de dessin de qualit\u00e9 pour peintres et aquarellistes \u2026<br><a href=\"http:\/\/www.audubon-portfolio.com\/\">www.audubon-portfolio.com<\/a><br><a href=\"mailto:pascal.jeanjean@gmail.com\">pascal.jeanjean@gmail.com<\/a><br>0473\/56.12.18<br>067\/55.65.97<\/p>\n\n\n\n<p><strong>Magali HERTSENS<\/strong>, jeune modiste de talent, qui&nbsp;<strong><em>mettra volontiers une fleur \u00e0 votre chapeau<\/em><\/strong>\u2026 pour toutes les occasions (mariages, f\u00eates, ou tout simplement pour tous les jours&#8230;)<br><a href=\"http:\/\/www.modiste.be\/\">www.modiste.be<\/a><br><a href=\"mailto:magali.hertsens@mac.com\">magali.hertsens@mac.com<\/a><br>010\/65.68.03<br>0485\/94.58.26<\/p>\n<div style=\"display:flex; gap:10px;justify-content:center\" class=\"wps-pgfw-pdf-generate-icon__wrapper-frontend\">\n\t\t<a  href=\"http:\/\/srhgx.be\/wordpress\/wp-json\/wp\/v2\/pages\/746?action=genpdf&amp;id=746\" class=\"pgfw-single-pdf-download-button\" ><img src=\"http:\/\/srhgx.be\/wordpress\/wp-content\/plugins\/pdf-generator-for-wp\/admin\/src\/images\/PDF_Tray.svg\" title=\"G\u00e9n\u00e9rer un PDF\" style=\"width:auto; height:45px;\"><\/a>\n\t\t<\/div>","protected":false},"excerpt":{"rendered":"<p>Les SPONSORS qui nous soutiennent et nous aident financi\u00e8rement Ets HENRIONFournisseur SRHGx (semences, pdt, terreau,&#8230;)henrion@proximedia.be085\/21.10.46 LA POMMERAIEProducteur de pommes et de poires nous offre les fruits pour nos conf\u00e9rences.info@lapommeraie.be081\/61.08.71 Banque&hellip;&nbsp;<a href=\"http:\/\/srhgx.be\/wordpress\/nos-sponsors\/\" rel=\"bookmark\">Lire la suite &raquo;<span class=\"screen-reader-text\">Nos sponsors<\/span><\/a><\/p>\n","protected":false},"author":1,"featured_media":0,"parent":0,"menu_order":0,"comment_status":"closed","ping_status":"closed","template":"","meta":{"neve_meta_sidebar":"default","neve_meta_container":"contained","neve_meta_enable_content_width":"on","neve_meta_content_width":70,"neve_meta_title_alignment":"","neve_meta_author_avatar":"","neve_post_elements_order":"","neve_meta_disable_header":"","neve_meta_disable_footer":"","neve_meta_disable_title":"","footnotes":""},"ppma_author":[445],"class_list":["post-746","page","type-page","status-publish","hentry"],"publishpress_future_action":{"enabled":false,"date":"2026-05-17 00:37:44","action":"change-status","newStatus":"draft","terms":[],"taxonomy":"author","extraData":[]},"publishpress_future_workflow_manual_trigger":{"enabledWorkflows":[]},"_links":{"self":[{"href":"http:\/\/srhgx.be\/wordpress\/wp-json\/wp\/v2\/pages\/746","targetHints":{"allow":["GET"]}}],"collection":[{"href":"http:\/\/srhgx.be\/wordpress\/wp-json\/wp\/v2\/pages"}],"about":[{"href":"http:\/\/srhgx.be\/wordpress\/wp-json\/wp\/v2\/types\/page"}],"author":[{"embeddable":true,"href":"http:\/\/srhgx.be\/wordpress\/wp-json\/wp\/v2\/users\/1"}],"replies":[{"embeddable":true,"href":"http:\/\/srhgx.be\/wordpress\/wp-json\/wp\/v2\/comments?post=746"}],"version-history":[{"count":7,"href":"http:\/\/srhgx.be\/wordpress\/wp-json\/wp\/v2\/pages\/746\/revisions"}],"predecessor-version":[{"id":967,"href":"http:\/\/srhgx.be\/wordpress\/wp-json\/wp\/v2\/pages\/746\/revisions\/967"}],"wp:attachment":[{"href":"http:\/\/srhgx.be\/wordpress\/wp-json\/wp\/v2\/media?parent=746"}],"wp:term":[{"taxonomy":"author","embeddable":true,"href":"http:\/\/srhgx.be\/wordpress\/wp-json\/wp\/v2\/ppma_author?post=746"}],"curies":[{"name":"wp","href":"https:\/\/api.w.org\/{rel}","templated":true}]}}