{"id":271,"date":"2021-01-24T11:34:25","date_gmt":"2021-01-24T10:34:25","guid":{"rendered":"http:\/\/srhgx.be\/wordpress\/?page_id=271"},"modified":"2021-05-10T19:18:28","modified_gmt":"2021-05-10T17:18:28","slug":"contact","status":"publish","type":"page","link":"http:\/\/srhgx.be\/wordpress\/contact\/","title":{"rendered":"Contact"},"content":{"rendered":"\n<p><strong>Soci\u00e9t\u00e9 Royale Horticole de Gembloux (SRHGx)<\/strong><\/p>\n\n\n\n<p>Si\u00e8ge social : <br>Passage des D\u00e9port\u00e9s 2 \u00e0 5030 Gembloux (Belgique)<br>T\u00e9l\u00e9phone : +32 81 82 28 81<br>Courriel : <a href=\"mailto:srh.gembloux@ulg.ac.be\">srh.gembloux@ul<\/a><a href=\"mailto:srh.gembloux@uliege.be\">iege<\/a><a href=\"mailto:srh.gembloux@ulg.ac.be\">.be<\/a><\/p>\n\n\n\n<p>Heures de permanence : les lundis de 9 \u00e0 12 heures<\/p>\n\n\n\n<iframe src=\"https:\/\/www.google.com\/maps\/embed?pb=!1m18!1m12!1m3!1d2534.524190632196!2d4.694437152129814!3d50.56161787939025!2m3!1f0!2f0!3f0!3m2!1i1024!2i768!4f13.1!3m3!1m2!1s0x47c18242e09cc667%3A0x8892592d63f09756!2sSoci%C3%A9t%C3%A9%20Royale%20Horticole!5e0!3m2!1sfr!2sbe!4v1611484417673!5m2!1sfr!2sbe\" style=\"border:0;\" allowfullscreen=\"\" aria-hidden=\"false\" tabindex=\"0\" width=\"750\" height=\"450\" frameborder=\"0\"><\/iframe>\n<div style=\"display:flex; gap:10px;justify-content:center\" class=\"wps-pgfw-pdf-generate-icon__wrapper-frontend\">\n\t\t<a  href=\"http:\/\/srhgx.be\/wordpress\/wp-json\/wp\/v2\/pages\/271?action=genpdf&amp;id=271\" class=\"pgfw-single-pdf-download-button\" ><img src=\"http:\/\/srhgx.be\/wordpress\/wp-content\/plugins\/pdf-generator-for-wp\/admin\/src\/images\/PDF_Tray.svg\" title=\"G\u00e9n\u00e9rer un PDF\" style=\"width:auto; height:45px;\"><\/a>\n\t\t<\/div>","protected":false},"excerpt":{"rendered":"<p>Soci\u00e9t\u00e9 Royale Horticole de Gembloux (SRHGx) Si\u00e8ge social : Passage des D\u00e9port\u00e9s 2 \u00e0 5030 Gembloux (Belgique)T\u00e9l\u00e9phone : +32 81 82 28 81Courriel : srh.gembloux@uliege.be Heures de permanence : les&hellip;&nbsp;<a href=\"http:\/\/srhgx.be\/wordpress\/contact\/\" rel=\"bookmark\">Lire la suite &raquo;<span class=\"screen-reader-text\">Contact<\/span><\/a><\/p>\n","protected":false},"author":1,"featured_media":0,"parent":0,"menu_order":0,"comment_status":"closed","ping_status":"closed","template":"","meta":{"neve_meta_sidebar":"default","neve_meta_container":"contained","neve_meta_enable_content_width":"off","neve_meta_content_width":95,"neve_meta_title_alignment":"","neve_meta_author_avatar":"","neve_post_elements_order":"","neve_meta_disable_header":"","neve_meta_disable_footer":"","neve_meta_disable_title":"","footnotes":""},"ppma_author":[445],"class_list":["post-271","page","type-page","status-publish","hentry"],"publishpress_future_action":{"enabled":false,"date":"2026-04-15 09:04:35","action":"change-status","newStatus":"draft","terms":[],"taxonomy":"author","extraData":[]},"publishpress_future_workflow_manual_trigger":{"enabledWorkflows":[]},"_links":{"self":[{"href":"http:\/\/srhgx.be\/wordpress\/wp-json\/wp\/v2\/pages\/271","targetHints":{"allow":["GET"]}}],"collection":[{"href":"http:\/\/srhgx.be\/wordpress\/wp-json\/wp\/v2\/pages"}],"about":[{"href":"http:\/\/srhgx.be\/wordpress\/wp-json\/wp\/v2\/types\/page"}],"author":[{"embeddable":true,"href":"http:\/\/srhgx.be\/wordpress\/wp-json\/wp\/v2\/users\/1"}],"replies":[{"embeddable":true,"href":"http:\/\/srhgx.be\/wordpress\/wp-json\/wp\/v2\/comments?post=271"}],"version-history":[{"count":13,"href":"http:\/\/srhgx.be\/wordpress\/wp-json\/wp\/v2\/pages\/271\/revisions"}],"predecessor-version":[{"id":6025,"href":"http:\/\/srhgx.be\/wordpress\/wp-json\/wp\/v2\/pages\/271\/revisions\/6025"}],"wp:attachment":[{"href":"http:\/\/srhgx.be\/wordpress\/wp-json\/wp\/v2\/media?parent=271"}],"wp:term":[{"taxonomy":"author","embeddable":true,"href":"http:\/\/srhgx.be\/wordpress\/wp-json\/wp\/v2\/ppma_author?post=271"}],"curies":[{"name":"wp","href":"https:\/\/api.w.org\/{rel}","templated":true}]}}